{"id":25,"date":"2020-04-16T22:32:05","date_gmt":"2020-04-16T20:32:05","guid":{"rendered":"http:\/\/pasjeoli.pl\/?page_id=25"},"modified":"2023-05-15T16:05:59","modified_gmt":"2023-05-15T14:05:59","slug":"o-mnie","status":"publish","type":"page","link":"https:\/\/pasjeoli.pl\/index.php\/o-mnie\/","title":{"rendered":"O mnie"},"content":{"rendered":"\n<p><img loading=\"lazy\" decoding=\"async\" width=\"587\" height=\"683\" class=\"wp-image-79\" style=\"width: 150px;\" src=\"http:\/\/pasjeoli.pl\/wp-content\/uploads\/2020\/04\/ola.png\" alt=\"\" srcset=\"https:\/\/pasjeoli.pl\/wp-content\/uploads\/2020\/04\/ola.png 587w, https:\/\/pasjeoli.pl\/wp-content\/uploads\/2020\/04\/ola-258x300.png 258w\" sizes=\"(max-width: 587px) 100vw, 587px\" \/><\/p>\n\n\n\n<p>Jestem Ola, a moj\u0105 pasj\u0105 (no, jedn\u0105 z wielu) s\u0105 plansz\u00f3wki i ksi\u0105\u017cki.<\/p>\n\n\n\n<p>GRY PLANSZOWE<\/p>\n\n\n\n<p>W \u015bwiecie plansz\u00f3wkowym funkcjonuj\u0119 ponad 15 lat. Wszystko zacz\u0119\u0142o si\u0119 od po\u017cyczania gier od kolegi, a potem trafi\u0142am na jeden z pierwszych Pionk\u00f3w, organizowanych w MDK w Gliwicach. I plansz\u00f3wkowe hobby ca\u0142kowicie mnie wci\u0105gn\u0119\u0142o. Nadal, je\u015bli tylko mog\u0119, to je\u017cd\u017c\u0119 na konwenty, gdzie grywam \u00a0nie tylko w zapowiedzi wydawnicze.<\/p>\n\n\n\n<p>Na Facebooku wyst\u0119puj\u0119 jako @PasjOlaGames (PasjOla Planszowa). Znajdziecie mnie te\u017c na Instagramie jako @pasjola_planszowa<\/p>\n\n\n\n<p>Lubi\u0119 poznawa\u0107 nowe gry, ale ch\u0119tnie te\u017c wracam do starszych, sprawdzonych tytu\u0142\u00f3w.<\/p>\n\n\n\n<p>Przez 3 lata (2020-2022) dzia\u0142a\u0142am w Kapitule przyznaj\u0105cej nagrod\u0119 &#8222;Planszowa Gra Roku&#8221;. Nale\u017ca\u0142am te\u017c do redakcji nieistniej\u0105cego ju\u017c bloga DziendoGRY.pl<\/p>\n\n\n\n<p>My\u015bl\u0119, \u017ce jakie\u015b do\u015bwiadczenie w plansz\u00f3wkach mam, wi\u0119c ch\u0119tnie si\u0119 moj\u0105 wiedz\u0105 i przemy\u015bleniami z Wami podziel\u0119. Zapraszam do czytania i komentowania \ud83d\ude0a<\/p>\n\n\n\n<p><\/p>\n\n\n\n<p>KSI\u0104\u017bKI<\/p>\n\n\n\n<p>Ksi\u0105\u017cki czytam odk\u0105d tylko pami\u0119tam. Nale\u017c\u0119 do ok\u0142adkowych srok, wi\u0119c cz\u0119sto nabywam ksi\u0105\u017cki z powodu \u0142adnej grafiki czy intryguj\u0105cego tytu\u0142u. Czytam papierowe wydania, s\u0142ucham audiobook\u00f3w, si\u0119gam te\u017c po e-booki. <\/p>\n\n\n\n<p>Czytam prawie wszystko, ale najch\u0119tniej fantastyk\u0119 i krymina\u0142y. I nie ma znaczenia czy to pozycje dla dzieci, m\u0142odzie\u017cy czy wytrawnych czytelnik\u00f3w. Je\u015bli ksi\u0105\u017cka jest fajna, ma potencja\u0142, to ch\u0119tnie po ni\u0105 si\u0119gam i sp\u0119dzam czas z lektur\u0105.<\/p>\n\n\n\n<p>Na FB wyst\u0119puj\u0119  jako @PasjOlaBooks (PasjOla Ksi\u0105\u017ckowa), a na Instagramie jako @pasjola_ksiazkowa.                        Zapraszam do czytania i komentowania \ud83d\ude0a<\/p>\n","protected":false},"excerpt":{"rendered":"<p>Jestem Ola, a moj\u0105 pasj\u0105 (no, jedn\u0105 z wielu) s\u0105 plansz\u00f3wki i ksi\u0105\u017cki. GRY PLANSZOWE W \u015bwiecie plansz\u00f3wkowym funkcjonuj\u0119 ponad 15 lat. Wszystko zacz\u0119\u0142o si\u0119 od po\u017cyczania gier od kolegi, a potem trafi\u0142am na jeden z pierwszych Pionk\u00f3w, organizowanych w MDK w Gliwicach. I plansz\u00f3wkowe hobby ca\u0142kowicie mnie wci\u0105gn\u0119\u0142o. Nadal, je\u015bli tylko mog\u0119, to je\u017cd\u017c\u0119 na konwenty, gdzie grywam \u00a0nie tylko w zapowiedzi wydawnicze. Na Facebooku wyst\u0119puj\u0119 jako @PasjOlaGames (PasjOla Planszowa). Znajdziecie mnie te\u017c na Instagramie jako @pasjola_planszowa Lubi\u0119 poznawa\u0107 nowe gry, ale ch\u0119tnie te\u017c wracam do starszych, sprawdzonych tytu\u0142\u00f3w. [&hellip;]<\/p>\n","protected":false},"author":1,"featured_media":0,"parent":0,"menu_order":0,"comment_status":"closed","ping_status":"closed","template":"","meta":{"footnotes":""},"yoast_head":"<!-- This site is optimized with the Yoast SEO plugin v23.4 - https:\/\/yoast.com\/wordpress\/plugins\/seo\/ -->\n<title>O mnie | Pasje Oli<\/title>\n<meta name=\"description\" content=\"Kilka s\u0142\u00f3w o mnie, o moich pasjach: plansz\u00f3wkach i ksi\u0105\u017ckach.\" \/>\n<meta name=\"robots\" content=\"index, follow, max-snippet:-1, max-image-preview:large, max-video-preview:-1\" \/>\n<link rel=\"canonical\" href=\"https:\/\/pasjeoli.pl\/index.php\/o-mnie\/\" \/>\n<meta property=\"og:locale\" content=\"pl_PL\" \/>\n<meta property=\"og:type\" content=\"article\" \/>\n<meta property=\"og:title\" content=\"O mnie | Pasje Oli\" \/>\n<meta property=\"og:description\" content=\"Kilka s\u0142\u00f3w o mnie, o moich pasjach: plansz\u00f3wkach i ksi\u0105\u017ckach.\" \/>\n<meta property=\"og:url\" content=\"https:\/\/pasjeoli.pl\/index.php\/o-mnie\/\" \/>\n<meta property=\"og:site_name\" content=\"Pasje Oli\" \/>\n<meta property=\"article:publisher\" content=\"https:\/\/www.facebook.com\/PasjOla-Planszowa-104986327782886\" \/>\n<meta property=\"article:modified_time\" content=\"2023-05-15T14:05:59+00:00\" \/>\n<meta property=\"og:image\" content=\"http:\/\/pasjeoli.pl\/wp-content\/uploads\/2020\/04\/ola.png\" \/>\n<meta name=\"twitter:card\" content=\"summary_large_image\" \/>\n<meta name=\"twitter:label1\" content=\"Szacowany czas czytania\" \/>\n\t<meta name=\"twitter:data1\" content=\"2 minuty\" \/>\n<script type=\"application\/ld+json\" class=\"yoast-schema-graph\">{\"@context\":\"https:\/\/schema.org\",\"@graph\":[{\"@type\":\"WebPage\",\"@id\":\"https:\/\/pasjeoli.pl\/index.php\/o-mnie\/\",\"url\":\"https:\/\/pasjeoli.pl\/index.php\/o-mnie\/\",\"name\":\"O mnie | Pasje Oli\",\"isPartOf\":{\"@id\":\"https:\/\/pasjeoli.pl\/#website\"},\"primaryImageOfPage\":{\"@id\":\"https:\/\/pasjeoli.pl\/index.php\/o-mnie\/#primaryimage\"},\"image\":{\"@id\":\"https:\/\/pasjeoli.pl\/index.php\/o-mnie\/#primaryimage\"},\"thumbnailUrl\":\"http:\/\/pasjeoli.pl\/wp-content\/uploads\/2020\/04\/ola.png\",\"datePublished\":\"2020-04-16T20:32:05+00:00\",\"dateModified\":\"2023-05-15T14:05:59+00:00\",\"description\":\"Kilka s\u0142\u00f3w o mnie, o moich pasjach: plansz\u00f3wkach i ksi\u0105\u017ckach.\",\"breadcrumb\":{\"@id\":\"https:\/\/pasjeoli.pl\/index.php\/o-mnie\/#breadcrumb\"},\"inLanguage\":\"pl-PL\",\"potentialAction\":[{\"@type\":\"ReadAction\",\"target\":[\"https:\/\/pasjeoli.pl\/index.php\/o-mnie\/\"]}]},{\"@type\":\"ImageObject\",\"inLanguage\":\"pl-PL\",\"@id\":\"https:\/\/pasjeoli.pl\/index.php\/o-mnie\/#primaryimage\",\"url\":\"http:\/\/pasjeoli.pl\/wp-content\/uploads\/2020\/04\/ola.png\",\"contentUrl\":\"http:\/\/pasjeoli.pl\/wp-content\/uploads\/2020\/04\/ola.png\"},{\"@type\":\"BreadcrumbList\",\"@id\":\"https:\/\/pasjeoli.pl\/index.php\/o-mnie\/#breadcrumb\",\"itemListElement\":[{\"@type\":\"ListItem\",\"position\":1,\"name\":\"Strona g\u0142\u00f3wna\",\"item\":\"https:\/\/pasjeoli.pl\/\"},{\"@type\":\"ListItem\",\"position\":2,\"name\":\"O mnie\"}]},{\"@type\":\"WebSite\",\"@id\":\"https:\/\/pasjeoli.pl\/#website\",\"url\":\"https:\/\/pasjeoli.pl\/\",\"name\":\"Pasje Oli\",\"description\":\"Gry planszowe i ksi\u0105\u017cki - opisy, wra\u017cenia, recenzje\",\"publisher\":{\"@id\":\"https:\/\/pasjeoli.pl\/#\/schema\/person\/5170a61426bd1cff4c4c277af668c4ac\"},\"potentialAction\":[{\"@type\":\"SearchAction\",\"target\":{\"@type\":\"EntryPoint\",\"urlTemplate\":\"https:\/\/pasjeoli.pl\/?s={search_term_string}\"},\"query-input\":{\"@type\":\"PropertyValueSpecification\",\"valueRequired\":true,\"valueName\":\"search_term_string\"}}],\"inLanguage\":\"pl-PL\"},{\"@type\":[\"Person\",\"Organization\"],\"@id\":\"https:\/\/pasjeoli.pl\/#\/schema\/person\/5170a61426bd1cff4c4c277af668c4ac\",\"name\":\"PasjOla\",\"image\":{\"@type\":\"ImageObject\",\"inLanguage\":\"pl-PL\",\"@id\":\"https:\/\/pasjeoli.pl\/#\/schema\/person\/image\/\",\"url\":\"https:\/\/pasjeoli.pl\/wp-content\/uploads\/2022\/05\/PasjeOli4.png\",\"contentUrl\":\"https:\/\/pasjeoli.pl\/wp-content\/uploads\/2022\/05\/PasjeOli4.png\",\"width\":500,\"height\":500,\"caption\":\"PasjOla\"},\"logo\":{\"@id\":\"https:\/\/pasjeoli.pl\/#\/schema\/person\/image\/\"},\"description\":\"Jestem Ola, a moj\u0105 pasj\u0105 (no, jedn\u0105 z wielu) s\u0105 plansz\u00f3wki. W \u015bwiecie plansz\u00f3wkowym funkcjonuj\u0119 ponad 10 lat. Wszystko zacz\u0119\u0142o si\u0119 od po\u017cyczania gier od kolegi, a potem trafi\u0142am na jeden z pierwszych Pionk\u00f3w, organizowanych w MDK w Gliwicach. I plansz\u00f3wkowe hobby ca\u0142kowicie mnie wci\u0105gn\u0119\u0142o. Nadal, je\u015bli tylko mog\u0119, to je\u017cd\u017c\u0119 na konwenty, gdzie grywam nie tylko w zapowiedzi wydawnicze. Na Facebook'u wyst\u0119puj\u0119 jako PasjOla Planszowa. Znajdziecie mnie te\u017c na Instagramie jako OlaDanInsta Lubi\u0119 poznawa\u0107 nowe gry, ale ch\u0119tnie te\u017c wracam do starszych, sprawdzonych tytu\u0142\u00f3w, wi\u0119c bawi\u0119 si\u0119 z GRAnatowa Czelend\u017c i dzia\u0142am w kapitule tej grupy. A w 2020 roku do\u0142\u0105czy\u0142am do Kapitu\u0142y przyznaj\u0105cej presti\u017cow\u0105 nagrod\u0119: Planszowa Gra Roku. My\u015bl\u0119, \u017ce jakie\u015b do\u015bwiadczenie w plansz\u00f3wkach mam, wi\u0119c ch\u0119tnie si\u0119 moj\u0105 wiedz\u0105 i przemy\u015bleniami z Wami podziel\u0119. Zapraszam do czytania i komentowania \ud83d\ude0a\",\"sameAs\":[\"http:\/\/pasjeoli.pl\",\"https:\/\/www.facebook.com\/PasjOla-Planszowa-104986327782886\",\"https:\/\/instagram.com\/oladaninsta\"]}]}<\/script>\n<!-- \/ Yoast SEO plugin. -->","yoast_head_json":{"title":"O mnie | Pasje Oli","description":"Kilka s\u0142\u00f3w o mnie, o moich pasjach: plansz\u00f3wkach i ksi\u0105\u017ckach.","robots":{"index":"index","follow":"follow","max-snippet":"max-snippet:-1","max-image-preview":"max-image-preview:large","max-video-preview":"max-video-preview:-1"},"canonical":"https:\/\/pasjeoli.pl\/index.php\/o-mnie\/","og_locale":"pl_PL","og_type":"article","og_title":"O mnie | Pasje Oli","og_description":"Kilka s\u0142\u00f3w o mnie, o moich pasjach: plansz\u00f3wkach i ksi\u0105\u017ckach.","og_url":"https:\/\/pasjeoli.pl\/index.php\/o-mnie\/","og_site_name":"Pasje Oli","article_publisher":"https:\/\/www.facebook.com\/PasjOla-Planszowa-104986327782886","article_modified_time":"2023-05-15T14:05:59+00:00","og_image":[{"url":"http:\/\/pasjeoli.pl\/wp-content\/uploads\/2020\/04\/ola.png"}],"twitter_card":"summary_large_image","twitter_misc":{"Szacowany czas czytania":"2 minuty"},"schema":{"@context":"https:\/\/schema.org","@graph":[{"@type":"WebPage","@id":"https:\/\/pasjeoli.pl\/index.php\/o-mnie\/","url":"https:\/\/pasjeoli.pl\/index.php\/o-mnie\/","name":"O mnie | Pasje Oli","isPartOf":{"@id":"https:\/\/pasjeoli.pl\/#website"},"primaryImageOfPage":{"@id":"https:\/\/pasjeoli.pl\/index.php\/o-mnie\/#primaryimage"},"image":{"@id":"https:\/\/pasjeoli.pl\/index.php\/o-mnie\/#primaryimage"},"thumbnailUrl":"http:\/\/pasjeoli.pl\/wp-content\/uploads\/2020\/04\/ola.png","datePublished":"2020-04-16T20:32:05+00:00","dateModified":"2023-05-15T14:05:59+00:00","description":"Kilka s\u0142\u00f3w o mnie, o moich pasjach: plansz\u00f3wkach i ksi\u0105\u017ckach.","breadcrumb":{"@id":"https:\/\/pasjeoli.pl\/index.php\/o-mnie\/#breadcrumb"},"inLanguage":"pl-PL","potentialAction":[{"@type":"ReadAction","target":["https:\/\/pasjeoli.pl\/index.php\/o-mnie\/"]}]},{"@type":"ImageObject","inLanguage":"pl-PL","@id":"https:\/\/pasjeoli.pl\/index.php\/o-mnie\/#primaryimage","url":"http:\/\/pasjeoli.pl\/wp-content\/uploads\/2020\/04\/ola.png","contentUrl":"http:\/\/pasjeoli.pl\/wp-content\/uploads\/2020\/04\/ola.png"},{"@type":"BreadcrumbList","@id":"https:\/\/pasjeoli.pl\/index.php\/o-mnie\/#breadcrumb","itemListElement":[{"@type":"ListItem","position":1,"name":"Strona g\u0142\u00f3wna","item":"https:\/\/pasjeoli.pl\/"},{"@type":"ListItem","position":2,"name":"O mnie"}]},{"@type":"WebSite","@id":"https:\/\/pasjeoli.pl\/#website","url":"https:\/\/pasjeoli.pl\/","name":"Pasje Oli","description":"Gry planszowe i ksi\u0105\u017cki - opisy, wra\u017cenia, recenzje","publisher":{"@id":"https:\/\/pasjeoli.pl\/#\/schema\/person\/5170a61426bd1cff4c4c277af668c4ac"},"potentialAction":[{"@type":"SearchAction","target":{"@type":"EntryPoint","urlTemplate":"https:\/\/pasjeoli.pl\/?s={search_term_string}"},"query-input":{"@type":"PropertyValueSpecification","valueRequired":true,"valueName":"search_term_string"}}],"inLanguage":"pl-PL"},{"@type":["Person","Organization"],"@id":"https:\/\/pasjeoli.pl\/#\/schema\/person\/5170a61426bd1cff4c4c277af668c4ac","name":"PasjOla","image":{"@type":"ImageObject","inLanguage":"pl-PL","@id":"https:\/\/pasjeoli.pl\/#\/schema\/person\/image\/","url":"https:\/\/pasjeoli.pl\/wp-content\/uploads\/2022\/05\/PasjeOli4.png","contentUrl":"https:\/\/pasjeoli.pl\/wp-content\/uploads\/2022\/05\/PasjeOli4.png","width":500,"height":500,"caption":"PasjOla"},"logo":{"@id":"https:\/\/pasjeoli.pl\/#\/schema\/person\/image\/"},"description":"Jestem Ola, a moj\u0105 pasj\u0105 (no, jedn\u0105 z wielu) s\u0105 plansz\u00f3wki. W \u015bwiecie plansz\u00f3wkowym funkcjonuj\u0119 ponad 10 lat. Wszystko zacz\u0119\u0142o si\u0119 od po\u017cyczania gier od kolegi, a potem trafi\u0142am na jeden z pierwszych Pionk\u00f3w, organizowanych w MDK w Gliwicach. I plansz\u00f3wkowe hobby ca\u0142kowicie mnie wci\u0105gn\u0119\u0142o. Nadal, je\u015bli tylko mog\u0119, to je\u017cd\u017c\u0119 na konwenty, gdzie grywam nie tylko w zapowiedzi wydawnicze. Na Facebook'u wyst\u0119puj\u0119 jako PasjOla Planszowa. Znajdziecie mnie te\u017c na Instagramie jako OlaDanInsta Lubi\u0119 poznawa\u0107 nowe gry, ale ch\u0119tnie te\u017c wracam do starszych, sprawdzonych tytu\u0142\u00f3w, wi\u0119c bawi\u0119 si\u0119 z GRAnatowa Czelend\u017c i dzia\u0142am w kapitule tej grupy. A w 2020 roku do\u0142\u0105czy\u0142am do Kapitu\u0142y przyznaj\u0105cej presti\u017cow\u0105 nagrod\u0119: Planszowa Gra Roku. My\u015bl\u0119, \u017ce jakie\u015b do\u015bwiadczenie w plansz\u00f3wkach mam, wi\u0119c ch\u0119tnie si\u0119 moj\u0105 wiedz\u0105 i przemy\u015bleniami z Wami podziel\u0119. Zapraszam do czytania i komentowania \ud83d\ude0a","sameAs":["http:\/\/pasjeoli.pl","https:\/\/www.facebook.com\/PasjOla-Planszowa-104986327782886","https:\/\/instagram.com\/oladaninsta"]}]}},"_links":{"self":[{"href":"https:\/\/pasjeoli.pl\/index.php\/wp-json\/wp\/v2\/pages\/25"}],"collection":[{"href":"https:\/\/pasjeoli.pl\/index.php\/wp-json\/wp\/v2\/pages"}],"about":[{"href":"https:\/\/pasjeoli.pl\/index.php\/wp-json\/wp\/v2\/types\/page"}],"author":[{"embeddable":true,"href":"https:\/\/pasjeoli.pl\/index.php\/wp-json\/wp\/v2\/users\/1"}],"replies":[{"embeddable":true,"href":"https:\/\/pasjeoli.pl\/index.php\/wp-json\/wp\/v2\/comments?post=25"}],"version-history":[{"count":9,"href":"https:\/\/pasjeoli.pl\/index.php\/wp-json\/wp\/v2\/pages\/25\/revisions"}],"predecessor-version":[{"id":2479,"href":"https:\/\/pasjeoli.pl\/index.php\/wp-json\/wp\/v2\/pages\/25\/revisions\/2479"}],"wp:attachment":[{"href":"https:\/\/pasjeoli.pl\/index.php\/wp-json\/wp\/v2\/media?parent=25"}],"curies":[{"name":"wp","href":"https:\/\/api.w.org\/{rel}","templated":true}]}}