{"id":9,"date":"2020-04-16T19:58:51","date_gmt":"2020-04-16T17:58:51","guid":{"rendered":"http:\/\/pasjeoli.pl\/?page_id=9"},"modified":"2020-04-17T21:20:12","modified_gmt":"2020-04-17T19:20:12","slug":"polityka-prywatnosci","status":"publish","type":"page","link":"https:\/\/pasjeoli.pl\/index.php\/polityka-prywatnosci\/","title":{"rendered":"Polityka prywatno\u015bci"},"content":{"rendered":"\n<p><strong>Jestem osob\u0105 prywatn\u0105<\/strong> i publikuj\u0119 moje wra\u017cenia o grach planszowych na stronie  http:\/\/pasjeoli.pl<\/p>\n\n\n\n<h3 class=\"wp-block-heading\">Jakie dane znajdziecie na stronie<\/h3>\n\n\n\n<p>Na stronie znajduj\u0105 si\u0119 nazwy gier, nazwy wydawnictw, imiona i nazwiska autor\u00f3w gier oraz ilustrator\u00f3w.  Dzi\u0119ki temu uzyskujecie pe\u0142n\u0105 informacj\u0119 o danej grze. Zdj\u0119cia publikowane na stronie pochodz\u0105 z moich prywatnych zbior\u00f3w. Je\u015bli jest inaczej, to w takim przypadku jest opisane, sk\u0105d zaczerpni\u0119to grafik\u0119. Czasami b\u0119d\u0105 znajdowa\u0142y si\u0119 odno\u015bniki do innych stron, jak r\u00f3wnie\u017c informacje 'encyklopedyczne&#8217;, cytowane z sieci &#8211; w takim przypadku r\u00f3wnie\u017c b\u0119dzie podawane \u017ar\u00f3d\u0142o ich pochodzenia.<\/p>\n\n\n\n<p>Do tworzenia strony u\u017cywam WordPress, kt\u00f3ry podobnie\u017c nie zbiera \u017cadnych danych osobistych o odwiedzaj\u0105cych. Jednak cz\u0119\u015b\u0107 z wtyczek mo\u017ce zbiera\u0107 dodatkowe dane osobiste i nale\u017cy mie\u0107 to na uwadze., zw\u0142aszcza przy wprowadzaniu Komentarzy. WP przyznaje si\u0119 jednak do tego, \u017ce kiedy odwiedzaj\u0105cy witryn\u0119 zostawia komentarz, zbieraj\u0105 dane widoczne w formularzu komentowania, jak i adres IP odwiedzaj\u0105cego oraz podpis jego przegl\u0105darki jako pomoc przy wykrywaniu spamu. Zanonimizowany ci\u0105g znak\u00f3w stworzony na podstawie podanego adresu email (tak zwany hash) mo\u017ce zosta\u0107 przes\u0142any do us\u0142ugi Gravatar w celu sprawdzenia czy komentuj\u0105cy jej u\u017cywa. Polityka prywatno\u015bci us\u0142ugi Gravatar jest dost\u0119pna tutaj: https:\/\/automattic.com\/privacy\/. Po zatwierdzeniu komentarza  obrazek profilowy komentuj\u0105cego jest widoczny publicznie w kontek\u015bcie komentarza.<\/p>\n\n\n\n<h3 class=\"wp-block-heading\">Ciasteczka<\/h3>\n\n\n\n<p>Je\u015bli zostawisz na naszej witrynie komentarz, b\u0119dziesz m\u00f3g\u0142 wybra\u0107 opcj\u0119 zapisu twojej nazwy, adresu email i adresu strony internetowej w ciasteczkach, dzi\u0119ki kt\u00f3rym podczas pisania kolejnych komentarzy powy\u017csze informacje b\u0119d\u0105 ju\u017c dogodnie uzupe\u0142nione. Te ciasteczka wygasaj\u0105 po roku.<\/p>\n\n\n\n<h3 class=\"wp-block-heading\">Osadzone tre\u015bci z innych witryn<\/h3>\n\n\n\n<p>Artyku\u0142y na tej witrynie mog\u0105 zawiera\u0107 osadzone tre\u015bci (np. filmy, obrazki, artyku\u0142y itp.). Osadzone tre\u015bci z innych witryn zachowuj\u0105 si\u0119 analogicznie do tego, jakby u\u017cytkownik odwiedzi\u0142 bezpo\u015brednio konkretn\u0105 witryn\u0119. Witryny mog\u0105 zbiera\u0107 informacje, u\u017cywa\u0107 ciasteczek, do\u0142\u0105cza\u0107 dodatkowe, zewn\u0119trzne systemy \u015bledzenia i monitorowa\u0107 interakcje z osadzonym materia\u0142em, w\u0142\u0105czaj\u0105c w to \u015bledzenie twoich interakcji z osadzonym materia\u0142em je\u015bli posiadasz konto i jeste\u015b zalogowany w tamtej witrynie.<\/p>\n\n\n\n<h2 class=\"wp-block-heading\">Gdy zostawi\u0142e\u015b komentarz <\/h2>\n\n\n\n<p>Je\u015bli zostawisz komentarz, jego tre\u015b\u0107 i metadane b\u0119d\u0105 przechowywane przez czas nieokre\u015blony. Dzi\u0119ki temu jeste\u015bmy w stanie rozpoznawa\u0107 i zatwierdza\u0107 kolejne komentarze automatycznie, bez wysy\u0142ania ich do ka\u017cdorazowej moderacji. Komentarze go\u015bci mog\u0105 by\u0107 sprawdzane za pomoc\u0105 automatycznej us\u0142ugi wykrywania spamu.<\/p>\n","protected":false},"excerpt":{"rendered":"<p>Jestem osob\u0105 prywatn\u0105 i publikuj\u0119 moje wra\u017cenia o grach planszowych na stronie http:\/\/pasjeoli.pl Jakie dane znajdziecie na stronie Na stronie znajduj\u0105 si\u0119 nazwy gier, nazwy wydawnictw, imiona i nazwiska autor\u00f3w gier oraz ilustrator\u00f3w. Dzi\u0119ki temu uzyskujecie pe\u0142n\u0105 informacj\u0119 o danej grze. Zdj\u0119cia publikowane na stronie pochodz\u0105 z moich prywatnych zbior\u00f3w. Je\u015bli jest inaczej, to w takim przypadku jest opisane, sk\u0105d zaczerpni\u0119to grafik\u0119. Czasami b\u0119d\u0105 znajdowa\u0142y si\u0119 odno\u015bniki do innych stron, jak r\u00f3wnie\u017c informacje 'encyklopedyczne&#8217;, cytowane z sieci &#8211; w takim przypadku r\u00f3wnie\u017c b\u0119dzie podawane \u017ar\u00f3d\u0142o ich pochodzenia. Do tworzenia strony [&hellip;]<\/p>\n","protected":false},"author":1,"featured_media":0,"parent":0,"menu_order":4,"comment_status":"closed","ping_status":"closed","template":"","meta":{"footnotes":""},"yoast_head":"<!-- This site is optimized with the Yoast SEO plugin v23.4 - https:\/\/yoast.com\/wordpress\/plugins\/seo\/ -->\n<title>Polityka prywatno\u015bci | Pasje Oli<\/title>\n<meta name=\"robots\" content=\"index, follow, max-snippet:-1, max-image-preview:large, max-video-preview:-1\" \/>\n<link rel=\"canonical\" href=\"https:\/\/pasjeoli.pl\/index.php\/polityka-prywatnosci\/\" \/>\n<meta property=\"og:locale\" content=\"pl_PL\" \/>\n<meta property=\"og:type\" content=\"article\" \/>\n<meta property=\"og:title\" content=\"Polityka prywatno\u015bci | Pasje Oli\" \/>\n<meta property=\"og:description\" content=\"Jestem osob\u0105 prywatn\u0105 i publikuj\u0119 moje wra\u017cenia o grach planszowych na stronie http:\/\/pasjeoli.pl Jakie dane znajdziecie na stronie Na stronie znajduj\u0105 si\u0119 nazwy gier, nazwy wydawnictw, imiona i nazwiska autor\u00f3w gier oraz ilustrator\u00f3w. Dzi\u0119ki temu uzyskujecie pe\u0142n\u0105 informacj\u0119 o danej grze. Zdj\u0119cia publikowane na stronie pochodz\u0105 z moich prywatnych zbior\u00f3w. Je\u015bli jest inaczej, to w takim przypadku jest opisane, sk\u0105d zaczerpni\u0119to grafik\u0119. Czasami b\u0119d\u0105 znajdowa\u0142y si\u0119 odno\u015bniki do innych stron, jak r\u00f3wnie\u017c informacje &#039;encyklopedyczne&#8217;, cytowane z sieci &#8211; w takim przypadku r\u00f3wnie\u017c b\u0119dzie podawane \u017ar\u00f3d\u0142o ich pochodzenia. Do tworzenia strony [&hellip;]\" \/>\n<meta property=\"og:url\" content=\"https:\/\/pasjeoli.pl\/index.php\/polityka-prywatnosci\/\" \/>\n<meta property=\"og:site_name\" content=\"Pasje Oli\" \/>\n<meta property=\"article:publisher\" content=\"https:\/\/www.facebook.com\/PasjOla-Planszowa-104986327782886\" \/>\n<meta property=\"article:modified_time\" content=\"2020-04-17T19:20:12+00:00\" \/>\n<meta name=\"twitter:card\" content=\"summary_large_image\" \/>\n<meta name=\"twitter:label1\" content=\"Szacowany czas czytania\" \/>\n\t<meta name=\"twitter:data1\" content=\"2 minuty\" \/>\n<script type=\"application\/ld+json\" class=\"yoast-schema-graph\">{\"@context\":\"https:\/\/schema.org\",\"@graph\":[{\"@type\":\"WebPage\",\"@id\":\"https:\/\/pasjeoli.pl\/index.php\/polityka-prywatnosci\/\",\"url\":\"https:\/\/pasjeoli.pl\/index.php\/polityka-prywatnosci\/\",\"name\":\"Polityka prywatno\u015bci | Pasje Oli\",\"isPartOf\":{\"@id\":\"https:\/\/pasjeoli.pl\/#website\"},\"datePublished\":\"2020-04-16T17:58:51+00:00\",\"dateModified\":\"2020-04-17T19:20:12+00:00\",\"breadcrumb\":{\"@id\":\"https:\/\/pasjeoli.pl\/index.php\/polityka-prywatnosci\/#breadcrumb\"},\"inLanguage\":\"pl-PL\",\"potentialAction\":[{\"@type\":\"ReadAction\",\"target\":[\"https:\/\/pasjeoli.pl\/index.php\/polityka-prywatnosci\/\"]}]},{\"@type\":\"BreadcrumbList\",\"@id\":\"https:\/\/pasjeoli.pl\/index.php\/polityka-prywatnosci\/#breadcrumb\",\"itemListElement\":[{\"@type\":\"ListItem\",\"position\":1,\"name\":\"Strona g\u0142\u00f3wna\",\"item\":\"https:\/\/pasjeoli.pl\/\"},{\"@type\":\"ListItem\",\"position\":2,\"name\":\"Polityka prywatno\u015bci\"}]},{\"@type\":\"WebSite\",\"@id\":\"https:\/\/pasjeoli.pl\/#website\",\"url\":\"https:\/\/pasjeoli.pl\/\",\"name\":\"Pasje Oli\",\"description\":\"Gry planszowe i ksi\u0105\u017cki - opisy, wra\u017cenia, recenzje\",\"publisher\":{\"@id\":\"https:\/\/pasjeoli.pl\/#\/schema\/person\/5170a61426bd1cff4c4c277af668c4ac\"},\"potentialAction\":[{\"@type\":\"SearchAction\",\"target\":{\"@type\":\"EntryPoint\",\"urlTemplate\":\"https:\/\/pasjeoli.pl\/?s={search_term_string}\"},\"query-input\":{\"@type\":\"PropertyValueSpecification\",\"valueRequired\":true,\"valueName\":\"search_term_string\"}}],\"inLanguage\":\"pl-PL\"},{\"@type\":[\"Person\",\"Organization\"],\"@id\":\"https:\/\/pasjeoli.pl\/#\/schema\/person\/5170a61426bd1cff4c4c277af668c4ac\",\"name\":\"PasjOla\",\"image\":{\"@type\":\"ImageObject\",\"inLanguage\":\"pl-PL\",\"@id\":\"https:\/\/pasjeoli.pl\/#\/schema\/person\/image\/\",\"url\":\"https:\/\/pasjeoli.pl\/wp-content\/uploads\/2022\/05\/PasjeOli4.png\",\"contentUrl\":\"https:\/\/pasjeoli.pl\/wp-content\/uploads\/2022\/05\/PasjeOli4.png\",\"width\":500,\"height\":500,\"caption\":\"PasjOla\"},\"logo\":{\"@id\":\"https:\/\/pasjeoli.pl\/#\/schema\/person\/image\/\"},\"description\":\"Jestem Ola, a moj\u0105 pasj\u0105 (no, jedn\u0105 z wielu) s\u0105 plansz\u00f3wki. W \u015bwiecie plansz\u00f3wkowym funkcjonuj\u0119 ponad 10 lat. Wszystko zacz\u0119\u0142o si\u0119 od po\u017cyczania gier od kolegi, a potem trafi\u0142am na jeden z pierwszych Pionk\u00f3w, organizowanych w MDK w Gliwicach. I plansz\u00f3wkowe hobby ca\u0142kowicie mnie wci\u0105gn\u0119\u0142o. Nadal, je\u015bli tylko mog\u0119, to je\u017cd\u017c\u0119 na konwenty, gdzie grywam nie tylko w zapowiedzi wydawnicze. Na Facebook'u wyst\u0119puj\u0119 jako PasjOla Planszowa. Znajdziecie mnie te\u017c na Instagramie jako OlaDanInsta Lubi\u0119 poznawa\u0107 nowe gry, ale ch\u0119tnie te\u017c wracam do starszych, sprawdzonych tytu\u0142\u00f3w, wi\u0119c bawi\u0119 si\u0119 z GRAnatowa Czelend\u017c i dzia\u0142am w kapitule tej grupy. A w 2020 roku do\u0142\u0105czy\u0142am do Kapitu\u0142y przyznaj\u0105cej presti\u017cow\u0105 nagrod\u0119: Planszowa Gra Roku. My\u015bl\u0119, \u017ce jakie\u015b do\u015bwiadczenie w plansz\u00f3wkach mam, wi\u0119c ch\u0119tnie si\u0119 moj\u0105 wiedz\u0105 i przemy\u015bleniami z Wami podziel\u0119. Zapraszam do czytania i komentowania \ud83d\ude0a\",\"sameAs\":[\"http:\/\/pasjeoli.pl\",\"https:\/\/www.facebook.com\/PasjOla-Planszowa-104986327782886\",\"https:\/\/instagram.com\/oladaninsta\"]}]}<\/script>\n<!-- \/ Yoast SEO plugin. -->","yoast_head_json":{"title":"Polityka prywatno\u015bci | Pasje Oli","robots":{"index":"index","follow":"follow","max-snippet":"max-snippet:-1","max-image-preview":"max-image-preview:large","max-video-preview":"max-video-preview:-1"},"canonical":"https:\/\/pasjeoli.pl\/index.php\/polityka-prywatnosci\/","og_locale":"pl_PL","og_type":"article","og_title":"Polityka prywatno\u015bci | Pasje Oli","og_description":"Jestem osob\u0105 prywatn\u0105 i publikuj\u0119 moje wra\u017cenia o grach planszowych na stronie http:\/\/pasjeoli.pl Jakie dane znajdziecie na stronie Na stronie znajduj\u0105 si\u0119 nazwy gier, nazwy wydawnictw, imiona i nazwiska autor\u00f3w gier oraz ilustrator\u00f3w. Dzi\u0119ki temu uzyskujecie pe\u0142n\u0105 informacj\u0119 o danej grze. Zdj\u0119cia publikowane na stronie pochodz\u0105 z moich prywatnych zbior\u00f3w. Je\u015bli jest inaczej, to w takim przypadku jest opisane, sk\u0105d zaczerpni\u0119to grafik\u0119. Czasami b\u0119d\u0105 znajdowa\u0142y si\u0119 odno\u015bniki do innych stron, jak r\u00f3wnie\u017c informacje 'encyklopedyczne&#8217;, cytowane z sieci &#8211; w takim przypadku r\u00f3wnie\u017c b\u0119dzie podawane \u017ar\u00f3d\u0142o ich pochodzenia. Do tworzenia strony [&hellip;]","og_url":"https:\/\/pasjeoli.pl\/index.php\/polityka-prywatnosci\/","og_site_name":"Pasje Oli","article_publisher":"https:\/\/www.facebook.com\/PasjOla-Planszowa-104986327782886","article_modified_time":"2020-04-17T19:20:12+00:00","twitter_card":"summary_large_image","twitter_misc":{"Szacowany czas czytania":"2 minuty"},"schema":{"@context":"https:\/\/schema.org","@graph":[{"@type":"WebPage","@id":"https:\/\/pasjeoli.pl\/index.php\/polityka-prywatnosci\/","url":"https:\/\/pasjeoli.pl\/index.php\/polityka-prywatnosci\/","name":"Polityka prywatno\u015bci | Pasje Oli","isPartOf":{"@id":"https:\/\/pasjeoli.pl\/#website"},"datePublished":"2020-04-16T17:58:51+00:00","dateModified":"2020-04-17T19:20:12+00:00","breadcrumb":{"@id":"https:\/\/pasjeoli.pl\/index.php\/polityka-prywatnosci\/#breadcrumb"},"inLanguage":"pl-PL","potentialAction":[{"@type":"ReadAction","target":["https:\/\/pasjeoli.pl\/index.php\/polityka-prywatnosci\/"]}]},{"@type":"BreadcrumbList","@id":"https:\/\/pasjeoli.pl\/index.php\/polityka-prywatnosci\/#breadcrumb","itemListElement":[{"@type":"ListItem","position":1,"name":"Strona g\u0142\u00f3wna","item":"https:\/\/pasjeoli.pl\/"},{"@type":"ListItem","position":2,"name":"Polityka prywatno\u015bci"}]},{"@type":"WebSite","@id":"https:\/\/pasjeoli.pl\/#website","url":"https:\/\/pasjeoli.pl\/","name":"Pasje Oli","description":"Gry planszowe i ksi\u0105\u017cki - opisy, wra\u017cenia, recenzje","publisher":{"@id":"https:\/\/pasjeoli.pl\/#\/schema\/person\/5170a61426bd1cff4c4c277af668c4ac"},"potentialAction":[{"@type":"SearchAction","target":{"@type":"EntryPoint","urlTemplate":"https:\/\/pasjeoli.pl\/?s={search_term_string}"},"query-input":{"@type":"PropertyValueSpecification","valueRequired":true,"valueName":"search_term_string"}}],"inLanguage":"pl-PL"},{"@type":["Person","Organization"],"@id":"https:\/\/pasjeoli.pl\/#\/schema\/person\/5170a61426bd1cff4c4c277af668c4ac","name":"PasjOla","image":{"@type":"ImageObject","inLanguage":"pl-PL","@id":"https:\/\/pasjeoli.pl\/#\/schema\/person\/image\/","url":"https:\/\/pasjeoli.pl\/wp-content\/uploads\/2022\/05\/PasjeOli4.png","contentUrl":"https:\/\/pasjeoli.pl\/wp-content\/uploads\/2022\/05\/PasjeOli4.png","width":500,"height":500,"caption":"PasjOla"},"logo":{"@id":"https:\/\/pasjeoli.pl\/#\/schema\/person\/image\/"},"description":"Jestem Ola, a moj\u0105 pasj\u0105 (no, jedn\u0105 z wielu) s\u0105 plansz\u00f3wki. W \u015bwiecie plansz\u00f3wkowym funkcjonuj\u0119 ponad 10 lat. Wszystko zacz\u0119\u0142o si\u0119 od po\u017cyczania gier od kolegi, a potem trafi\u0142am na jeden z pierwszych Pionk\u00f3w, organizowanych w MDK w Gliwicach. I plansz\u00f3wkowe hobby ca\u0142kowicie mnie wci\u0105gn\u0119\u0142o. Nadal, je\u015bli tylko mog\u0119, to je\u017cd\u017c\u0119 na konwenty, gdzie grywam nie tylko w zapowiedzi wydawnicze. Na Facebook'u wyst\u0119puj\u0119 jako PasjOla Planszowa. Znajdziecie mnie te\u017c na Instagramie jako OlaDanInsta Lubi\u0119 poznawa\u0107 nowe gry, ale ch\u0119tnie te\u017c wracam do starszych, sprawdzonych tytu\u0142\u00f3w, wi\u0119c bawi\u0119 si\u0119 z GRAnatowa Czelend\u017c i dzia\u0142am w kapitule tej grupy. A w 2020 roku do\u0142\u0105czy\u0142am do Kapitu\u0142y przyznaj\u0105cej presti\u017cow\u0105 nagrod\u0119: Planszowa Gra Roku. My\u015bl\u0119, \u017ce jakie\u015b do\u015bwiadczenie w plansz\u00f3wkach mam, wi\u0119c ch\u0119tnie si\u0119 moj\u0105 wiedz\u0105 i przemy\u015bleniami z Wami podziel\u0119. Zapraszam do czytania i komentowania \ud83d\ude0a","sameAs":["http:\/\/pasjeoli.pl","https:\/\/www.facebook.com\/PasjOla-Planszowa-104986327782886","https:\/\/instagram.com\/oladaninsta"]}]}},"_links":{"self":[{"href":"https:\/\/pasjeoli.pl\/index.php\/wp-json\/wp\/v2\/pages\/9"}],"collection":[{"href":"https:\/\/pasjeoli.pl\/index.php\/wp-json\/wp\/v2\/pages"}],"about":[{"href":"https:\/\/pasjeoli.pl\/index.php\/wp-json\/wp\/v2\/types\/page"}],"author":[{"embeddable":true,"href":"https:\/\/pasjeoli.pl\/index.php\/wp-json\/wp\/v2\/users\/1"}],"replies":[{"embeddable":true,"href":"https:\/\/pasjeoli.pl\/index.php\/wp-json\/wp\/v2\/comments?post=9"}],"version-history":[{"count":4,"href":"https:\/\/pasjeoli.pl\/index.php\/wp-json\/wp\/v2\/pages\/9\/revisions"}],"predecessor-version":[{"id":69,"href":"https:\/\/pasjeoli.pl\/index.php\/wp-json\/wp\/v2\/pages\/9\/revisions\/69"}],"wp:attachment":[{"href":"https:\/\/pasjeoli.pl\/index.php\/wp-json\/wp\/v2\/media?parent=9"}],"curies":[{"name":"wp","href":"https:\/\/api.w.org\/{rel}","templated":true}]}}